{"id":16326,"date":"2020-06-17T00:10:38","date_gmt":"2020-06-17T00:10:38","guid":{"rendered":"https:\/\/www.caminsdelapesca.org\/descubre\/"},"modified":"2022-07-06T15:31:00","modified_gmt":"2022-07-06T14:31:00","slug":"descobreix","status":"publish","type":"page","link":"https:\/\/www.caminsdelapesca.org\/vl\/descobreix\/","title":{"rendered":"Descobreix"},"content":{"rendered":"\t\t<div data-elementor-type=\"wp-page\" data-elementor-id=\"16326\" class=\"elementor elementor-16326\" data-elementor-post-type=\"page\">\n\t\t\t\t\t\t\t\t\t<section class=\"elementor-section elementor-top-section elementor-element elementor-element-b3d269f elementor-section-boxed elementor-section-height-default elementor-section-height-default\" data-id=\"b3d269f\" data-element_type=\"section\">\n\t\t\t\t\t\t<div class=\"elementor-container elementor-column-gap-default\">\n\t\t\t\t\t<div class=\"elementor-column elementor-col-25 elementor-top-column elementor-element elementor-element-ecb3349\" data-id=\"ecb3349\" data-element_type=\"column\">\n\t\t\t<div class=\"elementor-widget-wrap\">\n\t\t\t\t\t\t\t\t\t<\/div>\n\t\t<\/div>\n\t\t\t\t<div class=\"elementor-column elementor-col-50 elementor-top-column elementor-element elementor-element-b8e9e02\" data-id=\"b8e9e02\" data-element_type=\"column\">\n\t\t\t<div class=\"elementor-widget-wrap elementor-element-populated\">\n\t\t\t\t\t\t\t\t<div class=\"elementor-element elementor-element-3261aac elementor-widget elementor-widget-text-editor\" data-id=\"3261aac\" data-element_type=\"widget\" data-widget_type=\"text-editor.default\">\n\t\t\t\t<div class=\"elementor-widget-container\">\n\t\t\t\t\t\t\t<p>Descobreix comer\u00e7os, locals i altres establiments vinculats a la hist\u00f2ria passada i present de la pesca en els nostres poblats mar\u00edtims.<\/p>\t\t\t\t\t\t<\/div>\n\t\t\t\t<\/div>\n\t\t\t\t\t<\/div>\n\t\t<\/div>\n\t\t\t\t<div class=\"elementor-column elementor-col-25 elementor-top-column elementor-element elementor-element-1c1b6b3\" data-id=\"1c1b6b3\" data-element_type=\"column\">\n\t\t\t<div class=\"elementor-widget-wrap\">\n\t\t\t\t\t\t\t\t\t<\/div>\n\t\t<\/div>\n\t\t\t\t\t\t\t<\/div>\n\t\t<\/section>\n\t\t\t\t<section class=\"elementor-section elementor-top-section elementor-element elementor-element-35f4f41 elementor-section-full_width elementor-section-height-default elementor-section-height-default\" data-id=\"35f4f41\" data-element_type=\"section\">\n\t\t\t\t\t\t<div class=\"elementor-container elementor-column-gap-default\">\n\t\t\t\t\t<div class=\"elementor-column elementor-col-100 elementor-top-column elementor-element elementor-element-b71817c\" data-id=\"b71817c\" data-element_type=\"column\">\n\t\t\t<div class=\"elementor-widget-wrap elementor-element-populated\">\n\t\t\t\t\t\t\t\t<div class=\"elementor-element elementor-element-b3d6faa elementor-grid-3 elementor-grid-tablet-2 elementor-grid-mobile-1 elementor-widget elementor-widget-portfolio\" data-id=\"b3d6faa\" data-element_type=\"widget\" data-settings=\"{&quot;row_gap&quot;:{&quot;unit&quot;:&quot;px&quot;,&quot;size&quot;:20,&quot;sizes&quot;:[]},&quot;columns&quot;:&quot;3&quot;,&quot;columns_tablet&quot;:&quot;2&quot;,&quot;columns_mobile&quot;:&quot;1&quot;,&quot;item_ratio&quot;:{&quot;unit&quot;:&quot;px&quot;,&quot;size&quot;:0.66000000000000003,&quot;sizes&quot;:[]},&quot;item_gap&quot;:{&quot;unit&quot;:&quot;px&quot;,&quot;size&quot;:&quot;&quot;,&quot;sizes&quot;:[]}}\" data-widget_type=\"portfolio.default\">\n\t\t\t\t<div class=\"elementor-widget-container\">\n\t\t\t\t\t<ul class=\"elementor-portfolio__filters\">\n\t\t\t<li class=\"elementor-portfolio__filter elementor-active\" data-filter=\"__all\">All<\/li>\n\t\t\t\t\t\t\t<li class=\"elementor-portfolio__filter\" data-filter=\"77\">Cabanyal-Canyamelar<\/li>\n\t\t\t\t\t\t\t<li class=\"elementor-portfolio__filter\" data-filter=\"68\">Museus<\/li>\n\t\t\t\t\t\t\t<li class=\"elementor-portfolio__filter\" data-filter=\"61\">Restaurants<\/li>\n\t\t\t\t\t<\/ul>\n\t\t\t\t<div class=\"elementor-portfolio elementor-grid elementor-posts-container\">\n\t\t\t\t<article class=\"elementor-portfolio-item elementor-post elementor-filter-77 elementor-filter-61 post-17440 post type-post status-publish format-standard hentry\">\n\t\t\t<a class=\"elementor-post__thumbnail__link\" href=\"https:\/\/www.caminsdelapesca.org\/vl\/bodega-anyora\/\">\n\t\t\t\t<div class=\"elementor-portfolio-item__img elementor-post__thumbnail\">\n\t\t\t\t\t<\/div>\n\t\t\t\t<div class=\"elementor-portfolio-item__overlay\">\n\t\t\t\t<h3 class=\"elementor-portfolio-item__title\">\n\t\tBodega Anyora\t\t<\/h3>\n\t\t\t\t<\/div>\n\t\t\t\t<\/a>\n\t\t<\/article>\n\t\t\t\t<article class=\"elementor-portfolio-item elementor-post elementor-filter-77 elementor-filter-61 post-17708 post type-post status-publish format-standard hentry\">\n\t\t\t<a class=\"elementor-post__thumbnail__link\" href=\"https:\/\/www.caminsdelapesca.org\/vl\/la-otra-parte-taberna\/\">\n\t\t\t\t<div class=\"elementor-portfolio-item__img elementor-post__thumbnail\">\n\t\t\t\t\t<\/div>\n\t\t\t\t<div class=\"elementor-portfolio-item__overlay\">\n\t\t\t\t<h3 class=\"elementor-portfolio-item__title\">\n\t\tLa Otra Parte Taberna\t\t<\/h3>\n\t\t\t\t<\/div>\n\t\t\t\t<\/a>\n\t\t<\/article>\n\t\t\t\t<article class=\"elementor-portfolio-item elementor-post elementor-filter-77 elementor-filter-61 post-17701 post type-post status-publish format-standard hentry\">\n\t\t\t<a class=\"elementor-post__thumbnail__link\" href=\"https:\/\/www.caminsdelapesca.org\/vl\/lancora\/\">\n\t\t\t\t<div class=\"elementor-portfolio-item__img elementor-post__thumbnail\">\n\t\t\t\t\t<\/div>\n\t\t\t\t<div class=\"elementor-portfolio-item__overlay\">\n\t\t\t\t<h3 class=\"elementor-portfolio-item__title\">\n\t\tL&#8217;\u00c0ncora\t\t<\/h3>\n\t\t\t\t<\/div>\n\t\t\t\t<\/a>\n\t\t<\/article>\n\t\t\t\t<article class=\"elementor-portfolio-item elementor-post elementor-filter-77 elementor-filter-61 post-17695 post type-post status-publish format-standard hentry category-descobreix\">\n\t\t\t<a class=\"elementor-post__thumbnail__link\" href=\"https:\/\/www.caminsdelapesca.org\/vl\/la-pascuala\/\">\n\t\t\t\t<div class=\"elementor-portfolio-item__img elementor-post__thumbnail\">\n\t\t\t\t\t<\/div>\n\t\t\t\t<div class=\"elementor-portfolio-item__overlay\">\n\t\t\t\t<h3 class=\"elementor-portfolio-item__title\">\n\t\tLa Pascuala\t\t<\/h3>\n\t\t\t\t<\/div>\n\t\t\t\t<\/a>\n\t\t<\/article>\n\t\t\t\t<article class=\"elementor-portfolio-item elementor-post elementor-filter-77 elementor-filter-61 post-17689 post type-post status-publish format-standard hentry\">\n\t\t\t<a class=\"elementor-post__thumbnail__link\" href=\"https:\/\/www.caminsdelapesca.org\/vl\/bodega-la-peseta\/\">\n\t\t\t\t<div class=\"elementor-portfolio-item__img elementor-post__thumbnail\">\n\t\t\t\t\t<\/div>\n\t\t\t\t<div class=\"elementor-portfolio-item__overlay\">\n\t\t\t\t<h3 class=\"elementor-portfolio-item__title\">\n\t\tBodega La Peseta\t\t<\/h3>\n\t\t\t\t<\/div>\n\t\t\t\t<\/a>\n\t\t<\/article>\n\t\t\t\t<article class=\"elementor-portfolio-item elementor-post elementor-filter-77 elementor-filter-61 post-17683 post type-post status-publish format-standard hentry tag-restaurants\">\n\t\t\t<a class=\"elementor-post__thumbnail__link\" href=\"https:\/\/www.caminsdelapesca.org\/vl\/restaurante-la-alegria-de-la-huerta\/\">\n\t\t\t\t<div class=\"elementor-portfolio-item__img elementor-post__thumbnail\">\n\t\t\t\t\t<\/div>\n\t\t\t\t<div class=\"elementor-portfolio-item__overlay\">\n\t\t\t\t<h3 class=\"elementor-portfolio-item__title\">\n\t\tRestaurante La Alegr\u00eda De La Huerta\t\t<\/h3>\n\t\t\t\t<\/div>\n\t\t\t\t<\/a>\n\t\t<\/article>\n\t\t\t\t<article class=\"elementor-portfolio-item elementor-post elementor-filter-77 elementor-filter-61 post-17670 post type-post status-publish format-standard hentry\">\n\t\t\t<a class=\"elementor-post__thumbnail__link\" href=\"https:\/\/www.caminsdelapesca.org\/vl\/mercabanyal\/\">\n\t\t\t\t<div class=\"elementor-portfolio-item__img elementor-post__thumbnail\">\n\t\t\t\t\t<\/div>\n\t\t\t\t<div class=\"elementor-portfolio-item__overlay\">\n\t\t\t\t<h3 class=\"elementor-portfolio-item__title\">\n\t\tMercabanyal\t\t<\/h3>\n\t\t\t\t<\/div>\n\t\t\t\t<\/a>\n\t\t<\/article>\n\t\t\t\t<article class=\"elementor-portfolio-item elementor-post elementor-filter-77 elementor-filter-61 post-17657 post type-post status-publish format-standard hentry\">\n\t\t\t<a class=\"elementor-post__thumbnail__link\" href=\"https:\/\/www.caminsdelapesca.org\/vl\/restaurante-el-cabanyal\/\">\n\t\t\t\t<div class=\"elementor-portfolio-item__img elementor-post__thumbnail\">\n\t\t\t\t\t<\/div>\n\t\t\t\t<div class=\"elementor-portfolio-item__overlay\">\n\t\t\t\t<h3 class=\"elementor-portfolio-item__title\">\n\t\tRestaurante El Cabanyal\t\t<\/h3>\n\t\t\t\t<\/div>\n\t\t\t\t<\/a>\n\t\t<\/article>\n\t\t\t\t<article class=\"elementor-portfolio-item elementor-post elementor-filter-77 elementor-filter-61 post-17484 post type-post status-publish format-standard hentry\">\n\t\t\t<a class=\"elementor-post__thumbnail__link\" href=\"https:\/\/www.caminsdelapesca.org\/vl\/el-tridente-de-neptuno\/\">\n\t\t\t\t<div class=\"elementor-portfolio-item__img elementor-post__thumbnail\">\n\t\t\t\t\t<\/div>\n\t\t\t\t<div class=\"elementor-portfolio-item__overlay\">\n\t\t\t\t<h3 class=\"elementor-portfolio-item__title\">\n\t\tEl Tridente de Neptuno\t\t<\/h3>\n\t\t\t\t<\/div>\n\t\t\t\t<\/a>\n\t\t<\/article>\n\t\t\t\t<article class=\"elementor-portfolio-item elementor-post elementor-filter-77 elementor-filter-61 post-17480 post type-post status-publish format-standard hentry\">\n\t\t\t<a class=\"elementor-post__thumbnail__link\" href=\"https:\/\/www.caminsdelapesca.org\/vl\/las-carabelas\/\">\n\t\t\t\t<div class=\"elementor-portfolio-item__img elementor-post__thumbnail\">\n\t\t\t\t\t<\/div>\n\t\t\t\t<div class=\"elementor-portfolio-item__overlay\">\n\t\t\t\t<h3 class=\"elementor-portfolio-item__title\">\n\t\tLas Carabelas\t\t<\/h3>\n\t\t\t\t<\/div>\n\t\t\t\t<\/a>\n\t\t<\/article>\n\t\t\t\t<article class=\"elementor-portfolio-item elementor-post elementor-filter-77 elementor-filter-61 post-17472 post type-post status-publish format-standard hentry\">\n\t\t\t<a class=\"elementor-post__thumbnail__link\" href=\"https:\/\/www.caminsdelapesca.org\/vl\/ca-la-mar\/\">\n\t\t\t\t<div class=\"elementor-portfolio-item__img elementor-post__thumbnail\">\n\t\t\t\t\t<\/div>\n\t\t\t\t<div class=\"elementor-portfolio-item__overlay\">\n\t\t\t\t<h3 class=\"elementor-portfolio-item__title\">\n\t\tCa la Mar\t\t<\/h3>\n\t\t\t\t<\/div>\n\t\t\t\t<\/a>\n\t\t<\/article>\n\t\t\t\t<article class=\"elementor-portfolio-item elementor-post elementor-filter-77 elementor-filter-61 post-17456 post type-post status-publish format-standard hentry\">\n\t\t\t<a class=\"elementor-post__thumbnail__link\" href=\"https:\/\/www.caminsdelapesca.org\/vl\/la-trucha\/\">\n\t\t\t\t<div class=\"elementor-portfolio-item__img elementor-post__thumbnail\">\n\t\t\t\t\t<\/div>\n\t\t\t\t<div class=\"elementor-portfolio-item__overlay\">\n\t\t\t\t<h3 class=\"elementor-portfolio-item__title\">\n\t\tLa Trucha\t\t<\/h3>\n\t\t\t\t<\/div>\n\t\t\t\t<\/a>\n\t\t<\/article>\n\t\t\t\t<article class=\"elementor-portfolio-item elementor-post elementor-filter-77 elementor-filter-61 post-17476 post type-post status-publish format-standard hentry\">\n\t\t\t<a class=\"elementor-post__thumbnail__link\" href=\"https:\/\/www.caminsdelapesca.org\/vl\/mar-del-cabanyal\/\">\n\t\t\t\t<div class=\"elementor-portfolio-item__img elementor-post__thumbnail\">\n\t\t\t\t\t<\/div>\n\t\t\t\t<div class=\"elementor-portfolio-item__overlay\">\n\t\t\t\t<h3 class=\"elementor-portfolio-item__title\">\n\t\tMar del Cabanyal\t\t<\/h3>\n\t\t\t\t<\/div>\n\t\t\t\t<\/a>\n\t\t<\/article>\n\t\t\t\t<article class=\"elementor-portfolio-item elementor-post elementor-filter-77 elementor-filter-61 post-17451 post type-post status-publish format-standard hentry category-descobreix\">\n\t\t\t<a class=\"elementor-post__thumbnail__link\" href=\"https:\/\/www.caminsdelapesca.org\/vl\/bar-la-cantina-la-lonja-de-pesado\/\">\n\t\t\t\t<div class=\"elementor-portfolio-item__img elementor-post__thumbnail\">\n\t\t\t\t\t<\/div>\n\t\t\t\t<div class=\"elementor-portfolio-item__overlay\">\n\t\t\t\t<h3 class=\"elementor-portfolio-item__title\">\n\t\tBar-Cantina La Lonja del Pesado\t\t<\/h3>\n\t\t\t\t<\/div>\n\t\t\t\t<\/a>\n\t\t<\/article>\n\t\t\t\t<article class=\"elementor-portfolio-item elementor-post elementor-filter-77 elementor-filter-68 post-17228 post type-post status-publish format-standard hentry tag-cabanyal-canyamelar-vl tag-museus\">\n\t\t\t<a class=\"elementor-post__thumbnail__link\" href=\"https:\/\/www.caminsdelapesca.org\/vl\/casa-museu-blasco-ibanez\/\">\n\t\t\t\t<div class=\"elementor-portfolio-item__img elementor-post__thumbnail\">\n\t\t\t\t\t<\/div>\n\t\t\t\t<div class=\"elementor-portfolio-item__overlay\">\n\t\t\t\t<h3 class=\"elementor-portfolio-item__title\">\n\t\tCasa-Museu Blasco Ib\u00e1\u00f1ez\t\t<\/h3>\n\t\t\t\t<\/div>\n\t\t\t\t<\/a>\n\t\t<\/article>\n\t\t\t\t<article class=\"elementor-portfolio-item elementor-post elementor-filter-77 elementor-filter-61 post-17452 post type-post status-publish format-standard hentry\">\n\t\t\t<a class=\"elementor-post__thumbnail__link\" href=\"https:\/\/www.caminsdelapesca.org\/vl\/la-lonja-de-pescado\/\">\n\t\t\t\t<div class=\"elementor-portfolio-item__img elementor-post__thumbnail\">\n\t\t\t\t\t<\/div>\n\t\t\t\t<div class=\"elementor-portfolio-item__overlay\">\n\t\t\t\t<h3 class=\"elementor-portfolio-item__title\">\n\t\tLa Lonja de Pesado\t\t<\/h3>\n\t\t\t\t<\/div>\n\t\t\t\t<\/a>\n\t\t<\/article>\n\t\t\t\t<\/div>\n\t\t\t\t<\/div>\n\t\t\t\t<\/div>\n\t\t\t\t\t<\/div>\n\t\t<\/div>\n\t\t\t\t\t\t\t<\/div>\n\t\t<\/section>\n\t\t\t\t\t\t\t<\/div>\n\t\t","protected":false},"excerpt":{"rendered":"<p>Descobreix comer\u00e7os, locals i altres establiments vinculats a la hist\u00f2ria passada i present de la pesca en els nostres poblats mar\u00edtims.<\/p>\n","protected":false},"author":1,"featured_media":16462,"parent":0,"menu_order":0,"comment_status":"closed","ping_status":"closed","template":"","meta":{"footnotes":""},"yoast_head":"<!-- This site is optimized with the Yoast SEO plugin v22.4 - https:\/\/yoast.com\/wordpress\/plugins\/seo\/ -->\n<title>Descobreix - Camins de la Pesca<\/title>\n<meta name=\"robots\" content=\"index, follow, max-snippet:-1, max-image-preview:large, max-video-preview:-1\" \/>\n<link rel=\"canonical\" href=\"https:\/\/www.caminsdelapesca.org\/vl\/descobreix\/\" \/>\n<meta property=\"og:locale\" content=\"en_US\" \/>\n<meta property=\"og:type\" content=\"article\" \/>\n<meta property=\"og:title\" content=\"Descobreix - Camins de la Pesca\" \/>\n<meta property=\"og:description\" content=\"Descobreix comer\u00e7os, locals i altres establiments vinculats a la hist\u00f2ria passada i present de la pesca en els nostres poblats mar\u00edtims.\" \/>\n<meta property=\"og:url\" content=\"https:\/\/www.caminsdelapesca.org\/vl\/descobreix\/\" \/>\n<meta property=\"og:site_name\" content=\"Camins de la Pesca\" \/>\n<meta property=\"article:modified_time\" content=\"2022-07-06T14:31:00+00:00\" \/>\n<meta property=\"og:image\" content=\"https:\/\/www.caminsdelapesca.org\/wp-content\/uploads\/2021\/02\/cofradia-pescadores-4.jpg\" \/>\n\t<meta property=\"og:image:width\" content=\"1280\" \/>\n\t<meta property=\"og:image:height\" content=\"720\" \/>\n\t<meta property=\"og:image:type\" content=\"image\/jpeg\" \/>\n<meta name=\"twitter:card\" content=\"summary_large_image\" \/>\n<script type=\"application\/ld+json\" class=\"yoast-schema-graph\">{\"@context\":\"https:\/\/schema.org\",\"@graph\":[{\"@type\":\"WebPage\",\"@id\":\"https:\/\/www.caminsdelapesca.org\/vl\/descobreix\/\",\"url\":\"https:\/\/www.caminsdelapesca.org\/vl\/descobreix\/\",\"name\":\"Descobreix - Camins de la Pesca\",\"isPartOf\":{\"@id\":\"https:\/\/www.caminsdelapesca.org\/#website\"},\"primaryImageOfPage\":{\"@id\":\"https:\/\/www.caminsdelapesca.org\/vl\/descobreix\/#primaryimage\"},\"image\":{\"@id\":\"https:\/\/www.caminsdelapesca.org\/vl\/descobreix\/#primaryimage\"},\"thumbnailUrl\":\"https:\/\/www.caminsdelapesca.org\/wp-content\/uploads\/2021\/02\/cofradia-pescadores-4.jpg\",\"datePublished\":\"2020-06-17T00:10:38+00:00\",\"dateModified\":\"2022-07-06T14:31:00+00:00\",\"breadcrumb\":{\"@id\":\"https:\/\/www.caminsdelapesca.org\/vl\/descobreix\/#breadcrumb\"},\"inLanguage\":\"vl-ES\",\"potentialAction\":[{\"@type\":\"ReadAction\",\"target\":[\"https:\/\/www.caminsdelapesca.org\/vl\/descobreix\/\"]}]},{\"@type\":\"ImageObject\",\"inLanguage\":\"vl-ES\",\"@id\":\"https:\/\/www.caminsdelapesca.org\/vl\/descobreix\/#primaryimage\",\"url\":\"https:\/\/www.caminsdelapesca.org\/wp-content\/uploads\/2021\/02\/cofradia-pescadores-4.jpg\",\"contentUrl\":\"https:\/\/www.caminsdelapesca.org\/wp-content\/uploads\/2021\/02\/cofradia-pescadores-4.jpg\",\"width\":1280,\"height\":720,\"caption\":\"pesca a val\u00e8ncia\"},{\"@type\":\"BreadcrumbList\",\"@id\":\"https:\/\/www.caminsdelapesca.org\/vl\/descobreix\/#breadcrumb\",\"itemListElement\":[{\"@type\":\"ListItem\",\"position\":1,\"name\":\"Portada\",\"item\":\"https:\/\/www.caminsdelapesca.org\/vl\/\"},{\"@type\":\"ListItem\",\"position\":2,\"name\":\"Descobreix\"}]},{\"@type\":\"WebSite\",\"@id\":\"https:\/\/www.caminsdelapesca.org\/#website\",\"url\":\"https:\/\/www.caminsdelapesca.org\/\",\"name\":\"Camins de la Pesca\",\"description\":\"\",\"potentialAction\":[{\"@type\":\"SearchAction\",\"target\":{\"@type\":\"EntryPoint\",\"urlTemplate\":\"https:\/\/www.caminsdelapesca.org\/?s={search_term_string}\"},\"query-input\":\"required name=search_term_string\"}],\"inLanguage\":\"vl-ES\"}]}<\/script>\n<!-- \/ Yoast SEO plugin. -->","yoast_head_json":{"title":"Descobreix - Camins de la Pesca","robots":{"index":"index","follow":"follow","max-snippet":"max-snippet:-1","max-image-preview":"max-image-preview:large","max-video-preview":"max-video-preview:-1"},"canonical":"https:\/\/www.caminsdelapesca.org\/vl\/descobreix\/","og_locale":"en_US","og_type":"article","og_title":"Descobreix - Camins de la Pesca","og_description":"Descobreix comer\u00e7os, locals i altres establiments vinculats a la hist\u00f2ria passada i present de la pesca en els nostres poblats mar\u00edtims.","og_url":"https:\/\/www.caminsdelapesca.org\/vl\/descobreix\/","og_site_name":"Camins de la Pesca","article_modified_time":"2022-07-06T14:31:00+00:00","og_image":[{"width":1280,"height":720,"url":"https:\/\/www.caminsdelapesca.org\/wp-content\/uploads\/2021\/02\/cofradia-pescadores-4.jpg","type":"image\/jpeg"}],"twitter_card":"summary_large_image","schema":{"@context":"https:\/\/schema.org","@graph":[{"@type":"WebPage","@id":"https:\/\/www.caminsdelapesca.org\/vl\/descobreix\/","url":"https:\/\/www.caminsdelapesca.org\/vl\/descobreix\/","name":"Descobreix - Camins de la Pesca","isPartOf":{"@id":"https:\/\/www.caminsdelapesca.org\/#website"},"primaryImageOfPage":{"@id":"https:\/\/www.caminsdelapesca.org\/vl\/descobreix\/#primaryimage"},"image":{"@id":"https:\/\/www.caminsdelapesca.org\/vl\/descobreix\/#primaryimage"},"thumbnailUrl":"https:\/\/www.caminsdelapesca.org\/wp-content\/uploads\/2021\/02\/cofradia-pescadores-4.jpg","datePublished":"2020-06-17T00:10:38+00:00","dateModified":"2022-07-06T14:31:00+00:00","breadcrumb":{"@id":"https:\/\/www.caminsdelapesca.org\/vl\/descobreix\/#breadcrumb"},"inLanguage":"vl-ES","potentialAction":[{"@type":"ReadAction","target":["https:\/\/www.caminsdelapesca.org\/vl\/descobreix\/"]}]},{"@type":"ImageObject","inLanguage":"vl-ES","@id":"https:\/\/www.caminsdelapesca.org\/vl\/descobreix\/#primaryimage","url":"https:\/\/www.caminsdelapesca.org\/wp-content\/uploads\/2021\/02\/cofradia-pescadores-4.jpg","contentUrl":"https:\/\/www.caminsdelapesca.org\/wp-content\/uploads\/2021\/02\/cofradia-pescadores-4.jpg","width":1280,"height":720,"caption":"pesca a val\u00e8ncia"},{"@type":"BreadcrumbList","@id":"https:\/\/www.caminsdelapesca.org\/vl\/descobreix\/#breadcrumb","itemListElement":[{"@type":"ListItem","position":1,"name":"Portada","item":"https:\/\/www.caminsdelapesca.org\/vl\/"},{"@type":"ListItem","position":2,"name":"Descobreix"}]},{"@type":"WebSite","@id":"https:\/\/www.caminsdelapesca.org\/#website","url":"https:\/\/www.caminsdelapesca.org\/","name":"Camins de la Pesca","description":"","potentialAction":[{"@type":"SearchAction","target":{"@type":"EntryPoint","urlTemplate":"https:\/\/www.caminsdelapesca.org\/?s={search_term_string}"},"query-input":"required name=search_term_string"}],"inLanguage":"vl-ES"}]}},"_links":{"self":[{"href":"https:\/\/www.caminsdelapesca.org\/vl\/wp-json\/wp\/v2\/pages\/16326"}],"collection":[{"href":"https:\/\/www.caminsdelapesca.org\/vl\/wp-json\/wp\/v2\/pages"}],"about":[{"href":"https:\/\/www.caminsdelapesca.org\/vl\/wp-json\/wp\/v2\/types\/page"}],"author":[{"embeddable":true,"href":"https:\/\/www.caminsdelapesca.org\/vl\/wp-json\/wp\/v2\/users\/1"}],"replies":[{"embeddable":true,"href":"https:\/\/www.caminsdelapesca.org\/vl\/wp-json\/wp\/v2\/comments?post=16326"}],"version-history":[{"count":17,"href":"https:\/\/www.caminsdelapesca.org\/vl\/wp-json\/wp\/v2\/pages\/16326\/revisions"}],"predecessor-version":[{"id":17849,"href":"https:\/\/www.caminsdelapesca.org\/vl\/wp-json\/wp\/v2\/pages\/16326\/revisions\/17849"}],"wp:featuredmedia":[{"embeddable":true,"href":"https:\/\/www.caminsdelapesca.org\/vl\/wp-json\/wp\/v2\/media\/16462"}],"wp:attachment":[{"href":"https:\/\/www.caminsdelapesca.org\/vl\/wp-json\/wp\/v2\/media?parent=16326"}],"curies":[{"name":"wp","href":"https:\/\/api.w.org\/{rel}","templated":true}]}}