{"id":17200,"date":"2021-10-22T11:16:18","date_gmt":"2021-10-22T10:16:18","guid":{"rendered":"https:\/\/www.caminsdelapesca.org\/?page_id=17200"},"modified":"2022-07-06T15:30:11","modified_gmt":"2022-07-06T14:30:11","slug":"arxiu-viu","status":"publish","type":"page","link":"https:\/\/www.caminsdelapesca.org\/vl\/arxiu-viu\/","title":{"rendered":"Arxiu Viu"},"content":{"rendered":"\t\t<div data-elementor-type=\"wp-page\" data-elementor-id=\"17200\" class=\"elementor elementor-17200\" data-elementor-post-type=\"page\">\n\t\t\t\t\t\t\t\t\t<section class=\"elementor-section elementor-top-section elementor-element elementor-element-d8f8961 elementor-section-boxed elementor-section-height-default elementor-section-height-default\" data-id=\"d8f8961\" data-element_type=\"section\">\n\t\t\t\t\t\t<div class=\"elementor-container elementor-column-gap-default\">\n\t\t\t\t\t<div class=\"elementor-column elementor-col-33 elementor-top-column elementor-element elementor-element-e8f6d5f\" data-id=\"e8f6d5f\" data-element_type=\"column\">\n\t\t\t<div class=\"elementor-widget-wrap\">\n\t\t\t\t\t\t\t\t\t<\/div>\n\t\t<\/div>\n\t\t\t\t<div class=\"elementor-column elementor-col-33 elementor-top-column elementor-element elementor-element-af25399\" data-id=\"af25399\" data-element_type=\"column\">\n\t\t\t<div class=\"elementor-widget-wrap elementor-element-populated\">\n\t\t\t\t\t\t\t\t<div class=\"elementor-element elementor-element-bb13c1f elementor-widget elementor-widget-text-editor\" data-id=\"bb13c1f\" data-element_type=\"widget\" data-widget_type=\"text-editor.default\">\n\t\t\t\t<div class=\"elementor-widget-container\">\n\t\t\t\t\t\t\t<p class=\"p1\">&#8220;La vida \u00e9s la mem\u00f2ria del poble, la consci\u00e8ncia col\u00b7lectiva de la continu\u00eftat hist\u00f2rica, la manera de pensar i de viure.&#8221;<\/p><p>Milan Kundera<\/p>\t\t\t\t\t\t<\/div>\n\t\t\t\t<\/div>\n\t\t\t\t\t<\/div>\n\t\t<\/div>\n\t\t\t\t<div class=\"elementor-column elementor-col-33 elementor-top-column elementor-element elementor-element-bbfac17\" data-id=\"bbfac17\" data-element_type=\"column\">\n\t\t\t<div class=\"elementor-widget-wrap\">\n\t\t\t\t\t\t\t\t\t<\/div>\n\t\t<\/div>\n\t\t\t\t\t\t\t<\/div>\n\t\t<\/section>\n\t\t\t\t<section class=\"elementor-section elementor-top-section elementor-element elementor-element-e6402f8 elementor-section-boxed elementor-section-height-default elementor-section-height-default\" data-id=\"e6402f8\" data-element_type=\"section\">\n\t\t\t\t\t\t<div class=\"elementor-container elementor-column-gap-default\">\n\t\t\t\t\t<div class=\"elementor-column elementor-col-33 elementor-top-column elementor-element elementor-element-8f817f0\" data-id=\"8f817f0\" data-element_type=\"column\">\n\t\t\t<div class=\"elementor-widget-wrap elementor-element-populated\">\n\t\t\t\t\t\t\t\t<div class=\"elementor-element elementor-element-cae5747 elementor-widget elementor-widget-video\" data-id=\"cae5747\" data-element_type=\"widget\" data-settings=\"{&quot;youtube_url&quot;:&quot;https:\\\/\\\/youtu.be\\\/J_LwGRR2Nmw&quot;,&quot;video_type&quot;:&quot;youtube&quot;,&quot;controls&quot;:&quot;yes&quot;}\" data-widget_type=\"video.default\">\n\t\t\t\t<div class=\"elementor-widget-container\">\n\t\t\t\t\t<div class=\"elementor-wrapper elementor-open-inline\">\n\t\t\t<div class=\"elementor-video\"><\/div>\t\t<\/div>\n\t\t\t\t<\/div>\n\t\t\t\t<\/div>\n\t\t\t\t<div class=\"elementor-element elementor-element-4d88a70 elementor-widget elementor-widget-heading\" data-id=\"4d88a70\" data-element_type=\"widget\" data-widget_type=\"heading.default\">\n\t\t\t\t<div class=\"elementor-widget-container\">\n\t\t\t<h6 class=\"elementor-heading-title elementor-size-default\">Setmana Santa Marinera. Pep Martorell<\/h6>\t\t<\/div>\n\t\t\t\t<\/div>\n\t\t\t\t\t<\/div>\n\t\t<\/div>\n\t\t\t\t<div class=\"elementor-column elementor-col-33 elementor-top-column elementor-element elementor-element-7081d03\" data-id=\"7081d03\" data-element_type=\"column\">\n\t\t\t<div class=\"elementor-widget-wrap elementor-element-populated\">\n\t\t\t\t\t\t\t\t<div class=\"elementor-element elementor-element-c2262d1 elementor-widget elementor-widget-video\" data-id=\"c2262d1\" data-element_type=\"widget\" data-settings=\"{&quot;youtube_url&quot;:&quot;https:\\\/\\\/youtu.be\\\/N9pmEgO2ErU&quot;,&quot;video_type&quot;:&quot;youtube&quot;,&quot;controls&quot;:&quot;yes&quot;}\" data-widget_type=\"video.default\">\n\t\t\t\t<div class=\"elementor-widget-container\">\n\t\t\t\t\t<div class=\"elementor-wrapper elementor-open-inline\">\n\t\t\t<div class=\"elementor-video\"><\/div>\t\t<\/div>\n\t\t\t\t<\/div>\n\t\t\t\t<\/div>\n\t\t\t\t<div class=\"elementor-element elementor-element-83ae5c9 elementor-widget elementor-widget-heading\" data-id=\"83ae5c9\" data-element_type=\"widget\" data-widget_type=\"heading.default\">\n\t\t\t\t<div class=\"elementor-widget-container\">\n\t\t\t<h6 class=\"elementor-heading-title elementor-size-default\">Cultura de la pesca valenciana. Pep Martorell<\/h6>\t\t<\/div>\n\t\t\t\t<\/div>\n\t\t\t\t\t<\/div>\n\t\t<\/div>\n\t\t\t\t<div class=\"elementor-column elementor-col-33 elementor-top-column elementor-element elementor-element-81831cf\" data-id=\"81831cf\" data-element_type=\"column\">\n\t\t\t<div class=\"elementor-widget-wrap elementor-element-populated\">\n\t\t\t\t\t\t\t\t<div class=\"elementor-element elementor-element-ce87358 elementor-widget elementor-widget-video\" data-id=\"ce87358\" data-element_type=\"widget\" data-settings=\"{&quot;youtube_url&quot;:&quot;https:\\\/\\\/youtu.be\\\/cr7NCIjGR-o&quot;,&quot;video_type&quot;:&quot;youtube&quot;,&quot;controls&quot;:&quot;yes&quot;}\" data-widget_type=\"video.default\">\n\t\t\t\t<div class=\"elementor-widget-container\">\n\t\t\t\t\t<div class=\"elementor-wrapper elementor-open-inline\">\n\t\t\t<div class=\"elementor-video\"><\/div>\t\t<\/div>\n\t\t\t\t<\/div>\n\t\t\t\t<\/div>\n\t\t\t\t<div class=\"elementor-element elementor-element-b702c6f elementor-widget elementor-widget-heading\" data-id=\"b702c6f\" data-element_type=\"widget\" data-widget_type=\"heading.default\">\n\t\t\t\t<div class=\"elementor-widget-container\">\n\t\t\t<h6 class=\"elementor-heading-title elementor-size-default\">Edificis hist\u00f2rics del Cabanyal. Pep Martorell<\/h6>\t\t<\/div>\n\t\t\t\t<\/div>\n\t\t\t\t\t<\/div>\n\t\t<\/div>\n\t\t\t\t\t\t\t<\/div>\n\t\t<\/section>\n\t\t\t\t<section class=\"elementor-section elementor-top-section elementor-element elementor-element-c2fc4a6 elementor-section-boxed elementor-section-height-default elementor-section-height-default\" data-id=\"c2fc4a6\" data-element_type=\"section\">\n\t\t\t\t\t\t<div class=\"elementor-container elementor-column-gap-default\">\n\t\t\t\t\t<div class=\"elementor-column elementor-col-33 elementor-top-column elementor-element elementor-element-03d38e9\" data-id=\"03d38e9\" data-element_type=\"column\">\n\t\t\t<div class=\"elementor-widget-wrap elementor-element-populated\">\n\t\t\t\t\t\t\t\t<div class=\"elementor-element elementor-element-1e02dc4 elementor-widget elementor-widget-video\" data-id=\"1e02dc4\" data-element_type=\"widget\" data-settings=\"{&quot;youtube_url&quot;:&quot;https:\\\/\\\/youtu.be\\\/cnjVUtCqrv0&quot;,&quot;video_type&quot;:&quot;youtube&quot;,&quot;controls&quot;:&quot;yes&quot;}\" data-widget_type=\"video.default\">\n\t\t\t\t<div class=\"elementor-widget-container\">\n\t\t\t\t\t<div class=\"elementor-wrapper elementor-open-inline\">\n\t\t\t<div class=\"elementor-video\"><\/div>\t\t<\/div>\n\t\t\t\t<\/div>\n\t\t\t\t<\/div>\n\t\t\t\t<div class=\"elementor-element elementor-element-8476036 elementor-widget elementor-widget-heading\" data-id=\"8476036\" data-element_type=\"widget\" data-widget_type=\"heading.default\">\n\t\t\t\t<div class=\"elementor-widget-container\">\n\t\t\t<h6 class=\"elementor-heading-title elementor-size-default\">Barri del Cabanyal. Pep Martorell<\/h6>\t\t<\/div>\n\t\t\t\t<\/div>\n\t\t\t\t\t<\/div>\n\t\t<\/div>\n\t\t\t\t<div class=\"elementor-column elementor-col-33 elementor-top-column elementor-element elementor-element-36152c5\" data-id=\"36152c5\" data-element_type=\"column\">\n\t\t\t<div class=\"elementor-widget-wrap elementor-element-populated\">\n\t\t\t\t\t\t\t\t<div class=\"elementor-element elementor-element-ff73c9f elementor-widget elementor-widget-video\" data-id=\"ff73c9f\" data-element_type=\"widget\" data-settings=\"{&quot;youtube_url&quot;:&quot;https:\\\/\\\/youtu.be\\\/blV2XI06dI8&quot;,&quot;video_type&quot;:&quot;youtube&quot;,&quot;controls&quot;:&quot;yes&quot;}\" data-widget_type=\"video.default\">\n\t\t\t\t<div class=\"elementor-widget-container\">\n\t\t\t\t\t<div class=\"elementor-wrapper elementor-open-inline\">\n\t\t\t<div class=\"elementor-video\"><\/div>\t\t<\/div>\n\t\t\t\t<\/div>\n\t\t\t\t<\/div>\n\t\t\t\t<div class=\"elementor-element elementor-element-79dcb5b elementor-widget elementor-widget-heading\" data-id=\"79dcb5b\" data-element_type=\"widget\" data-widget_type=\"heading.default\">\n\t\t\t\t<div class=\"elementor-widget-container\">\n\t\t\t<h6 class=\"elementor-heading-title elementor-size-default\">Mem\u00f2ries del Cabanyal. Pep Martorell<\/h6>\t\t<\/div>\n\t\t\t\t<\/div>\n\t\t\t\t\t<\/div>\n\t\t<\/div>\n\t\t\t\t<div class=\"elementor-column elementor-col-33 elementor-top-column elementor-element elementor-element-98672e3\" data-id=\"98672e3\" data-element_type=\"column\">\n\t\t\t<div class=\"elementor-widget-wrap elementor-element-populated\">\n\t\t\t\t\t\t\t\t<div class=\"elementor-element elementor-element-9ae22c1 elementor-widget elementor-widget-video\" data-id=\"9ae22c1\" data-element_type=\"widget\" data-settings=\"{&quot;youtube_url&quot;:&quot;https:\\\/\\\/youtu.be\\\/lH2Z9F73D9g&quot;,&quot;video_type&quot;:&quot;youtube&quot;,&quot;controls&quot;:&quot;yes&quot;}\" data-widget_type=\"video.default\">\n\t\t\t\t<div class=\"elementor-widget-container\">\n\t\t\t\t\t<div class=\"elementor-wrapper elementor-open-inline\">\n\t\t\t<div class=\"elementor-video\"><\/div>\t\t<\/div>\n\t\t\t\t<\/div>\n\t\t\t\t<\/div>\n\t\t\t\t<div class=\"elementor-element elementor-element-5df72bc elementor-widget elementor-widget-heading\" data-id=\"5df72bc\" data-element_type=\"widget\" data-widget_type=\"heading.default\">\n\t\t\t\t<div class=\"elementor-widget-container\">\n\t\t\t<h6 class=\"elementor-heading-title elementor-size-default\">Mem\u00f2ries pesqueres. Araceli<\/h6>\t\t<\/div>\n\t\t\t\t<\/div>\n\t\t\t\t\t<\/div>\n\t\t<\/div>\n\t\t\t\t\t\t\t<\/div>\n\t\t<\/section>\n\t\t\t\t<section class=\"elementor-section elementor-top-section elementor-element elementor-element-f095fca elementor-section-boxed elementor-section-height-default elementor-section-height-default\" data-id=\"f095fca\" data-element_type=\"section\">\n\t\t\t\t\t\t<div class=\"elementor-container elementor-column-gap-default\">\n\t\t\t\t\t<div class=\"elementor-column elementor-col-33 elementor-top-column elementor-element elementor-element-67e041b\" data-id=\"67e041b\" data-element_type=\"column\">\n\t\t\t<div class=\"elementor-widget-wrap elementor-element-populated\">\n\t\t\t\t\t\t\t\t<div class=\"elementor-element elementor-element-133c23c elementor-widget elementor-widget-video\" data-id=\"133c23c\" data-element_type=\"widget\" data-settings=\"{&quot;youtube_url&quot;:&quot;https:\\\/\\\/youtu.be\\\/4auwMdlwomM&quot;,&quot;video_type&quot;:&quot;youtube&quot;,&quot;controls&quot;:&quot;yes&quot;}\" data-widget_type=\"video.default\">\n\t\t\t\t<div class=\"elementor-widget-container\">\n\t\t\t\t\t<div class=\"elementor-wrapper elementor-open-inline\">\n\t\t\t<div class=\"elementor-video\"><\/div>\t\t<\/div>\n\t\t\t\t<\/div>\n\t\t\t\t<\/div>\n\t\t\t\t<div class=\"elementor-element elementor-element-c377cae elementor-widget elementor-widget-heading\" data-id=\"c377cae\" data-element_type=\"widget\" data-widget_type=\"heading.default\">\n\t\t\t\t<div class=\"elementor-widget-container\">\n\t\t\t<h6 class=\"elementor-heading-title elementor-size-default\">Esgl\u00e9sia de la Bona Guia. Araceli<\/h6>\t\t<\/div>\n\t\t\t\t<\/div>\n\t\t\t\t\t<\/div>\n\t\t<\/div>\n\t\t\t\t<div class=\"elementor-column elementor-col-33 elementor-top-column elementor-element elementor-element-5b9114f\" data-id=\"5b9114f\" data-element_type=\"column\">\n\t\t\t<div class=\"elementor-widget-wrap elementor-element-populated\">\n\t\t\t\t\t\t\t\t<div class=\"elementor-element elementor-element-c080429 elementor-widget elementor-widget-video\" data-id=\"c080429\" data-element_type=\"widget\" data-settings=\"{&quot;video_type&quot;:&quot;vimeo&quot;}\" data-widget_type=\"video.default\">\n\t\t\t\t<div class=\"elementor-widget-container\">\n\t\t\t\t\t<div class=\"elementor-wrapper elementor-open-inline\">\n\t\t\t<iframe class=\"elementor-video-iframe\" allowfullscreen title=\"vimeo Video Player\" src=\"https:\/\/player.vimeo.com\/video\/303370806?color&amp;autopause=0&amp;loop=0&amp;muted=0&amp;title=1&amp;portrait=1&amp;byline=1#t=\"><\/iframe>\t\t<\/div>\n\t\t\t\t<\/div>\n\t\t\t\t<\/div>\n\t\t\t\t<div class=\"elementor-element elementor-element-33fdbd7 elementor-widget elementor-widget-heading\" data-id=\"33fdbd7\" data-element_type=\"widget\" data-widget_type=\"heading.default\">\n\t\t\t\t<div class=\"elementor-widget-container\">\n\t\t\t<h6 class=\"elementor-heading-title elementor-size-medium\">Els M\u00fasisc de les Aig\u00fces<\/h6>\t\t<\/div>\n\t\t\t\t<\/div>\n\t\t\t\t\t<\/div>\n\t\t<\/div>\n\t\t\t\t<div class=\"elementor-column elementor-col-33 elementor-top-column elementor-element elementor-element-bfb2247\" data-id=\"bfb2247\" data-element_type=\"column\">\n\t\t\t<div class=\"elementor-widget-wrap\">\n\t\t\t\t\t\t\t\t\t<\/div>\n\t\t<\/div>\n\t\t\t\t\t\t\t<\/div>\n\t\t<\/section>\n\t\t\t\t<section class=\"elementor-section elementor-top-section elementor-element elementor-element-d7c3479 elementor-section-boxed elementor-section-height-default elementor-section-height-default\" data-id=\"d7c3479\" data-element_type=\"section\">\n\t\t\t\t\t\t<div class=\"elementor-container elementor-column-gap-default\">\n\t\t\t\t\t<div class=\"elementor-column elementor-col-100 elementor-top-column elementor-element elementor-element-91260ec\" data-id=\"91260ec\" data-element_type=\"column\">\n\t\t\t<div class=\"elementor-widget-wrap elementor-element-populated\">\n\t\t\t\t\t\t\t\t<div class=\"elementor-element elementor-element-08a7cc9 elementor-widget elementor-widget-spacer\" data-id=\"08a7cc9\" data-element_type=\"widget\" data-widget_type=\"spacer.default\">\n\t\t\t\t<div class=\"elementor-widget-container\">\n\t\t\t\t\t<div class=\"elementor-spacer\">\n\t\t\t<div class=\"elementor-spacer-inner\"><\/div>\n\t\t<\/div>\n\t\t\t\t<\/div>\n\t\t\t\t<\/div>\n\t\t\t\t\t<\/div>\n\t\t<\/div>\n\t\t\t\t\t\t\t<\/div>\n\t\t<\/section>\n\t\t\t\t<section class=\"elementor-section elementor-top-section elementor-element elementor-element-c74f55f elementor-section-boxed elementor-section-height-default elementor-section-height-default\" data-id=\"c74f55f\" data-element_type=\"section\">\n\t\t\t\t\t\t<div class=\"elementor-container elementor-column-gap-default\">\n\t\t\t\t\t\t\t\t<\/div>\n\t\t<\/section>\n\t\t\t\t<section class=\"elementor-section elementor-top-section elementor-element elementor-element-46e265f elementor-section-boxed elementor-section-height-default elementor-section-height-default\" data-id=\"46e265f\" data-element_type=\"section\">\n\t\t\t\t\t\t<div class=\"elementor-container elementor-column-gap-default\">\n\t\t\t\t\t<div class=\"elementor-column elementor-col-100 elementor-top-column elementor-element elementor-element-21bcad2\" data-id=\"21bcad2\" data-element_type=\"column\">\n\t\t\t<div class=\"elementor-widget-wrap elementor-element-populated\">\n\t\t\t\t\t\t\t\t<div class=\"elementor-element elementor-element-3e90ceb elementor-widget elementor-widget-heading\" data-id=\"3e90ceb\" data-element_type=\"widget\" data-widget_type=\"heading.default\">\n\t\t\t\t<div class=\"elementor-widget-container\">\n\t\t\t<h2 class=\"elementor-heading-title elementor-size-medium\"><a href=\"http:\/\/www.cabanyalarchivovivo.es\/cabanyalarchivovivo\/\" target=\"_blank\">\u2192 Cabanyal Arxiu Viu<\/a><\/h2>\t\t<\/div>\n\t\t\t\t<\/div>\n\t\t\t\t\t<\/div>\n\t\t<\/div>\n\t\t\t\t\t\t\t<\/div>\n\t\t<\/section>\n\t\t\t\t<section class=\"elementor-section elementor-top-section elementor-element elementor-element-2072047 elementor-section-boxed elementor-section-height-default elementor-section-height-default\" data-id=\"2072047\" data-element_type=\"section\">\n\t\t\t\t\t\t<div class=\"elementor-container elementor-column-gap-default\">\n\t\t\t\t\t<div class=\"elementor-column elementor-col-100 elementor-top-column elementor-element elementor-element-d2d8359\" data-id=\"d2d8359\" data-element_type=\"column\">\n\t\t\t<div class=\"elementor-widget-wrap elementor-element-populated\">\n\t\t\t\t\t\t\t\t<div class=\"elementor-element elementor-element-292977b elementor-widget elementor-widget-spacer\" data-id=\"292977b\" data-element_type=\"widget\" data-widget_type=\"spacer.default\">\n\t\t\t\t<div class=\"elementor-widget-container\">\n\t\t\t\t\t<div class=\"elementor-spacer\">\n\t\t\t<div class=\"elementor-spacer-inner\"><\/div>\n\t\t<\/div>\n\t\t\t\t<\/div>\n\t\t\t\t<\/div>\n\t\t\t\t\t<\/div>\n\t\t<\/div>\n\t\t\t\t\t\t\t<\/div>\n\t\t<\/section>\n\t\t\t\t\t\t\t<\/div>\n\t\t","protected":false},"excerpt":{"rendered":"<p>&#8220;La vida \u00e9s la mem\u00f2ria del poble, la consci\u00e8ncia col\u00b7lectiva de la continu\u00eftat hist\u00f2rica, la manera de pensar i de viure.&#8221; Milan Kundera Setmana Santa Marinera. Pep Martorell Cultura de la pesca valenciana. Pep Martorell Edificis hist\u00f2rics del Cabanyal. Pep&#8230;<\/p>\n","protected":false},"author":2,"featured_media":16262,"parent":0,"menu_order":0,"comment_status":"closed","ping_status":"closed","template":"","meta":{"footnotes":""},"yoast_head":"<!-- This site is optimized with the Yoast SEO plugin v22.4 - https:\/\/yoast.com\/wordpress\/plugins\/seo\/ -->\n<title>Arxiu Viu - Camins de la Pesca<\/title>\n<meta name=\"robots\" content=\"index, follow, max-snippet:-1, max-image-preview:large, max-video-preview:-1\" \/>\n<link rel=\"canonical\" href=\"https:\/\/www.caminsdelapesca.org\/vl\/arxiu-viu\/\" \/>\n<meta property=\"og:locale\" content=\"en_US\" \/>\n<meta property=\"og:type\" content=\"article\" \/>\n<meta property=\"og:title\" content=\"Arxiu Viu - Camins de la Pesca\" \/>\n<meta property=\"og:description\" content=\"&#8220;La vida \u00e9s la mem\u00f2ria del poble, la consci\u00e8ncia col\u00b7lectiva de la continu\u00eftat hist\u00f2rica, la manera de pensar i de viure.&#8221; Milan Kundera Setmana Santa Marinera. Pep Martorell Cultura de la pesca valenciana. Pep Martorell Edificis hist\u00f2rics del Cabanyal. Pep...\" \/>\n<meta property=\"og:url\" content=\"https:\/\/www.caminsdelapesca.org\/vl\/arxiu-viu\/\" \/>\n<meta property=\"og:site_name\" content=\"Camins de la Pesca\" \/>\n<meta property=\"article:modified_time\" content=\"2022-07-06T14:30:11+00:00\" \/>\n<meta property=\"og:image\" content=\"https:\/\/www.caminsdelapesca.org\/wp-content\/uploads\/2021\/03\/7-Patrimonio-marina-auxiliante.jpg\" \/>\n\t<meta property=\"og:image:width\" content=\"1280\" \/>\n\t<meta property=\"og:image:height\" content=\"720\" \/>\n\t<meta property=\"og:image:type\" content=\"image\/jpeg\" \/>\n<meta name=\"twitter:card\" content=\"summary_large_image\" \/>\n<meta name=\"twitter:label1\" content=\"Est. reading time\" \/>\n\t<meta name=\"twitter:data1\" content=\"1 minute\" \/>\n<script type=\"application\/ld+json\" class=\"yoast-schema-graph\">{\"@context\":\"https:\/\/schema.org\",\"@graph\":[{\"@type\":\"WebPage\",\"@id\":\"https:\/\/www.caminsdelapesca.org\/vl\/arxiu-viu\/\",\"url\":\"https:\/\/www.caminsdelapesca.org\/vl\/arxiu-viu\/\",\"name\":\"Arxiu Viu - Camins de la Pesca\",\"isPartOf\":{\"@id\":\"https:\/\/www.caminsdelapesca.org\/#website\"},\"primaryImageOfPage\":{\"@id\":\"https:\/\/www.caminsdelapesca.org\/vl\/arxiu-viu\/#primaryimage\"},\"image\":{\"@id\":\"https:\/\/www.caminsdelapesca.org\/vl\/arxiu-viu\/#primaryimage\"},\"thumbnailUrl\":\"https:\/\/www.caminsdelapesca.org\/wp-content\/uploads\/2021\/03\/7-Patrimonio-marina-auxiliante.jpg\",\"datePublished\":\"2021-10-22T10:16:18+00:00\",\"dateModified\":\"2022-07-06T14:30:11+00:00\",\"breadcrumb\":{\"@id\":\"https:\/\/www.caminsdelapesca.org\/vl\/arxiu-viu\/#breadcrumb\"},\"inLanguage\":\"vl-ES\",\"potentialAction\":[{\"@type\":\"ReadAction\",\"target\":[\"https:\/\/www.caminsdelapesca.org\/vl\/arxiu-viu\/\"]}]},{\"@type\":\"ImageObject\",\"inLanguage\":\"vl-ES\",\"@id\":\"https:\/\/www.caminsdelapesca.org\/vl\/arxiu-viu\/#primaryimage\",\"url\":\"https:\/\/www.caminsdelapesca.org\/wp-content\/uploads\/2021\/03\/7-Patrimonio-marina-auxiliante.jpg\",\"contentUrl\":\"https:\/\/www.caminsdelapesca.org\/wp-content\/uploads\/2021\/03\/7-Patrimonio-marina-auxiliante.jpg\",\"width\":1280,\"height\":720,\"caption\":\"patrimoni pesquer de val\u00e8ncia\"},{\"@type\":\"BreadcrumbList\",\"@id\":\"https:\/\/www.caminsdelapesca.org\/vl\/arxiu-viu\/#breadcrumb\",\"itemListElement\":[{\"@type\":\"ListItem\",\"position\":1,\"name\":\"Portada\",\"item\":\"https:\/\/www.caminsdelapesca.org\/vl\/\"},{\"@type\":\"ListItem\",\"position\":2,\"name\":\"Arxiu Viu\"}]},{\"@type\":\"WebSite\",\"@id\":\"https:\/\/www.caminsdelapesca.org\/#website\",\"url\":\"https:\/\/www.caminsdelapesca.org\/\",\"name\":\"Camins de la Pesca\",\"description\":\"\",\"potentialAction\":[{\"@type\":\"SearchAction\",\"target\":{\"@type\":\"EntryPoint\",\"urlTemplate\":\"https:\/\/www.caminsdelapesca.org\/?s={search_term_string}\"},\"query-input\":\"required name=search_term_string\"}],\"inLanguage\":\"vl-ES\"}]}<\/script>\n<!-- \/ Yoast SEO plugin. -->","yoast_head_json":{"title":"Arxiu Viu - Camins de la Pesca","robots":{"index":"index","follow":"follow","max-snippet":"max-snippet:-1","max-image-preview":"max-image-preview:large","max-video-preview":"max-video-preview:-1"},"canonical":"https:\/\/www.caminsdelapesca.org\/vl\/arxiu-viu\/","og_locale":"en_US","og_type":"article","og_title":"Arxiu Viu - Camins de la Pesca","og_description":"&#8220;La vida \u00e9s la mem\u00f2ria del poble, la consci\u00e8ncia col\u00b7lectiva de la continu\u00eftat hist\u00f2rica, la manera de pensar i de viure.&#8221; Milan Kundera Setmana Santa Marinera. Pep Martorell Cultura de la pesca valenciana. Pep Martorell Edificis hist\u00f2rics del Cabanyal. Pep...","og_url":"https:\/\/www.caminsdelapesca.org\/vl\/arxiu-viu\/","og_site_name":"Camins de la Pesca","article_modified_time":"2022-07-06T14:30:11+00:00","og_image":[{"width":1280,"height":720,"url":"https:\/\/www.caminsdelapesca.org\/wp-content\/uploads\/2021\/03\/7-Patrimonio-marina-auxiliante.jpg","type":"image\/jpeg"}],"twitter_card":"summary_large_image","twitter_misc":{"Est. reading time":"1 minute"},"schema":{"@context":"https:\/\/schema.org","@graph":[{"@type":"WebPage","@id":"https:\/\/www.caminsdelapesca.org\/vl\/arxiu-viu\/","url":"https:\/\/www.caminsdelapesca.org\/vl\/arxiu-viu\/","name":"Arxiu Viu - Camins de la Pesca","isPartOf":{"@id":"https:\/\/www.caminsdelapesca.org\/#website"},"primaryImageOfPage":{"@id":"https:\/\/www.caminsdelapesca.org\/vl\/arxiu-viu\/#primaryimage"},"image":{"@id":"https:\/\/www.caminsdelapesca.org\/vl\/arxiu-viu\/#primaryimage"},"thumbnailUrl":"https:\/\/www.caminsdelapesca.org\/wp-content\/uploads\/2021\/03\/7-Patrimonio-marina-auxiliante.jpg","datePublished":"2021-10-22T10:16:18+00:00","dateModified":"2022-07-06T14:30:11+00:00","breadcrumb":{"@id":"https:\/\/www.caminsdelapesca.org\/vl\/arxiu-viu\/#breadcrumb"},"inLanguage":"vl-ES","potentialAction":[{"@type":"ReadAction","target":["https:\/\/www.caminsdelapesca.org\/vl\/arxiu-viu\/"]}]},{"@type":"ImageObject","inLanguage":"vl-ES","@id":"https:\/\/www.caminsdelapesca.org\/vl\/arxiu-viu\/#primaryimage","url":"https:\/\/www.caminsdelapesca.org\/wp-content\/uploads\/2021\/03\/7-Patrimonio-marina-auxiliante.jpg","contentUrl":"https:\/\/www.caminsdelapesca.org\/wp-content\/uploads\/2021\/03\/7-Patrimonio-marina-auxiliante.jpg","width":1280,"height":720,"caption":"patrimoni pesquer de val\u00e8ncia"},{"@type":"BreadcrumbList","@id":"https:\/\/www.caminsdelapesca.org\/vl\/arxiu-viu\/#breadcrumb","itemListElement":[{"@type":"ListItem","position":1,"name":"Portada","item":"https:\/\/www.caminsdelapesca.org\/vl\/"},{"@type":"ListItem","position":2,"name":"Arxiu Viu"}]},{"@type":"WebSite","@id":"https:\/\/www.caminsdelapesca.org\/#website","url":"https:\/\/www.caminsdelapesca.org\/","name":"Camins de la Pesca","description":"","potentialAction":[{"@type":"SearchAction","target":{"@type":"EntryPoint","urlTemplate":"https:\/\/www.caminsdelapesca.org\/?s={search_term_string}"},"query-input":"required name=search_term_string"}],"inLanguage":"vl-ES"}]}},"_links":{"self":[{"href":"https:\/\/www.caminsdelapesca.org\/vl\/wp-json\/wp\/v2\/pages\/17200"}],"collection":[{"href":"https:\/\/www.caminsdelapesca.org\/vl\/wp-json\/wp\/v2\/pages"}],"about":[{"href":"https:\/\/www.caminsdelapesca.org\/vl\/wp-json\/wp\/v2\/types\/page"}],"author":[{"embeddable":true,"href":"https:\/\/www.caminsdelapesca.org\/vl\/wp-json\/wp\/v2\/users\/2"}],"replies":[{"embeddable":true,"href":"https:\/\/www.caminsdelapesca.org\/vl\/wp-json\/wp\/v2\/comments?post=17200"}],"version-history":[{"count":28,"href":"https:\/\/www.caminsdelapesca.org\/vl\/wp-json\/wp\/v2\/pages\/17200\/revisions"}],"predecessor-version":[{"id":17915,"href":"https:\/\/www.caminsdelapesca.org\/vl\/wp-json\/wp\/v2\/pages\/17200\/revisions\/17915"}],"wp:featuredmedia":[{"embeddable":true,"href":"https:\/\/www.caminsdelapesca.org\/vl\/wp-json\/wp\/v2\/media\/16262"}],"wp:attachment":[{"href":"https:\/\/www.caminsdelapesca.org\/vl\/wp-json\/wp\/v2\/media?parent=17200"}],"curies":[{"name":"wp","href":"https:\/\/api.w.org\/{rel}","templated":true}]}}